{"id":95,"date":"2023-11-03T16:57:18","date_gmt":"2023-11-03T15:57:18","guid":{"rendered":"https:\/\/wbggiebel.ch\/?page_id=95"},"modified":"2023-11-10T14:51:26","modified_gmt":"2023-11-10T13:51:26","slug":"fenster","status":"publish","type":"page","link":"https:\/\/wbggiebel.ch\/index.php\/fenster\/","title":{"rendered":"Fenster"},"content":{"rendered":"<div id=\"metaslider-id-99\" style=\"width: 100%;\" class=\"ml-slider-3-107-0 metaslider metaslider-flex metaslider-99 ml-slider has-dots-nav ms-theme-outline\" role=\"region\" aria-label=\"Fenster\" data-height=\"500\" data-width=\"1000\">\n    <div id=\"metaslider_container_99\">\n        <div id=\"metaslider_99\">\n            <ul class='slides'>\n                <li style=\"display: block; width: 100%;\" class=\"slide-100 ms-image \" aria-roledescription=\"slide\" data-date=\"2023-11-03 16:58:08\" data-filename=\"2964049F90EE4733-968x484.jpg\" data-slide-type=\"image\"><img loading=\"lazy\" decoding=\"async\" src=\"https:\/\/wbggiebel.ch\/wp-content\/uploads\/2023\/11\/2964049F90EE4733-968x484.jpg\" height=\"500\" width=\"1000\" alt=\"\" class=\"slider-99 slide-100 msDefaultImage\" title=\"2964049F90EE4733\" \/><\/li>\n                <li style=\"display: none; width: 100%;\" class=\"slide-313 ms-image \" aria-roledescription=\"slide\" data-date=\"2023-11-04 13:00:24\" data-filename=\"DSC_1447-scaled-1000x500.jpg\" data-slide-type=\"image\"><img loading=\"lazy\" decoding=\"async\" src=\"https:\/\/wbggiebel.ch\/wp-content\/uploads\/2023\/11\/DSC_1447-scaled-1000x500.jpg\" height=\"500\" width=\"1000\" alt=\"\" class=\"slider-99 slide-313 msDefaultImage\" title=\"DSC_1447\" \/><\/li>\n                <li style=\"display: none; width: 100%;\" class=\"slide-314 ms-image \" aria-roledescription=\"slide\" data-date=\"2023-11-04 13:00:25\" data-filename=\"DSC_1500-scaled-e1699100519832-1000x500.jpg\" data-slide-type=\"image\"><img loading=\"lazy\" decoding=\"async\" src=\"https:\/\/wbggiebel.ch\/wp-content\/uploads\/2023\/11\/DSC_1500-scaled-e1699100519832-1000x500.jpg\" height=\"500\" width=\"1000\" alt=\"\" class=\"slider-99 slide-314 msDefaultImage\" title=\"DSC_1500\" \/><\/li>\n                <li style=\"display: none; width: 100%;\" class=\"slide-315 ms-image \" aria-roledescription=\"slide\" data-date=\"2023-11-04 13:00:25\" data-filename=\"DSC_1570-scaled-1000x500.jpg\" data-slide-type=\"image\"><img loading=\"lazy\" decoding=\"async\" src=\"https:\/\/wbggiebel.ch\/wp-content\/uploads\/2023\/11\/DSC_1570-scaled-1000x500.jpg\" height=\"500\" width=\"1000\" alt=\"\" class=\"slider-99 slide-315 msDefaultImage\" title=\"DSC_1570\" \/><\/li>\n                <li style=\"display: none; width: 100%;\" class=\"slide-316 ms-image \" aria-roledescription=\"slide\" data-date=\"2023-11-04 13:00:25\" data-filename=\"DSC_1537-scaled-1000x500.jpg\" data-slide-type=\"image\"><img loading=\"lazy\" decoding=\"async\" src=\"https:\/\/wbggiebel.ch\/wp-content\/uploads\/2023\/11\/DSC_1537-scaled-1000x500.jpg\" height=\"500\" width=\"1000\" alt=\"\" class=\"slider-99 slide-316 msDefaultImage\" title=\"DSC_1537\" \/><\/li>\n            <\/ul>\n        <\/div>\n        \n    <\/div>\n<\/div>\n\n\n\n<h2 class=\"wp-block-heading\">Fenster<\/h2>\n\n\n\n<p>Wir w\u00e4ren nicht so gut ohne die andern, die da sind:<\/p>\n\n\n\n<div class=\"wp-block-columns is-layout-flex wp-container-core-columns-is-layout-9d6595d7 wp-block-columns-is-layout-flex\">\n<div class=\"wp-block-column is-layout-flow wp-block-column-is-layout-flow\" style=\"flex-basis:100%\">\n<div class=\"wp-block-columns is-layout-flex wp-container-core-columns-is-layout-9d6595d7 wp-block-columns-is-layout-flex\">\n<div class=\"wp-block-column is-layout-flow wp-block-column-is-layout-flow\">\n<p><a href=\"http:\/\/www.agwohnen.ch\/\" data-type=\"link\" data-id=\"http:\/\/www.agwohnen.ch\/\">AG Wohnen<br><\/a><a href=\"https:\/\/www.wbg-schweiz.ch\/\" data-type=\"link\" data-id=\"https:\/\/www.wbg-schweiz.ch\/\">WBG <\/a><a rel=\"noreferrer noopener\" href=\"https:\/\/www.wbg-schweiz.ch\/\" data-type=\"link\" data-id=\"https:\/\/www.wbg-schweiz.ch\/\" target=\"_blank\">Schweiz<\/a><br><a href=\"http:\/\/www.wbg-beso.ch\" data-type=\"link\" data-id=\"www.wbg-beso.ch\">WBG Bern-Solothurn<\/a><br><a rel=\"noreferrer noopener\" href=\"https:\/\/www.wbg-beso.ch\/kompetenzzentrum\" data-type=\"link\" data-id=\"https:\/\/www.wbg-beso.ch\/kompetenzzentrum\" target=\"_blank\">Kompetenzzentrum gemeinn\u00fctziger Wohnungsbau<\/a><br><a rel=\"noreferrer noopener\" href=\"https:\/\/casafair.ch\/\" data-type=\"link\" data-id=\"https:\/\/casafair.ch\/\" target=\"_blank\">casa fair<\/a><br><a rel=\"noreferrer noopener\" href=\"https:\/\/www.mieterverband.ch\/mv-be.html\" data-type=\"link\" data-id=\"https:\/\/www.mieterverband.ch\/mv-be.html\" target=\"_blank\">Mieter:innenverband Bern<\/a><\/p>\n<\/div>\n\n\n\n<div class=\"wp-block-column is-layout-flow wp-block-column-is-layout-flow\">\n<p><a rel=\"noreferrer noopener\" href=\"https:\/\/www.cafe-kairo.ch\/\" target=\"_blank\">Caf\u00e9 Kairo<\/a><br><a rel=\"noreferrer noopener\" href=\"https:\/\/www.jetwash.ch\/\" target=\"_blank\">JetWash<\/a><br><a rel=\"noreferrer noopener\" href=\"https:\/\/www.catatec.ch\/\" target=\"_blank\">catatec<\/a><br><a rel=\"noreferrer noopener\" href=\"https:\/\/www.planwerkstatt.ch\/\" target=\"_blank\">planwerkstatt<\/a><\/p>\n<\/div>\n<\/div>\n<\/div>\n<\/div>\n","protected":false},"excerpt":{"rendered":"<p>Fenster Wir w\u00e4ren nicht so gut ohne die andern, die da sind: AG WohnenWBG SchweizWBG Bern-SolothurnKompetenzzentrum gemeinn\u00fctziger Wohnungsbaucasa fairMieter:innenverband Bern Caf\u00e9 KairoJetWashcatatecplanwerkstatt<\/p>\n","protected":false},"author":1,"featured_media":0,"parent":0,"menu_order":300,"comment_status":"closed","ping_status":"closed","template":"","meta":{"footnotes":""},"class_list":["post-95","page","type-page","status-publish","hentry"],"_links":{"self":[{"href":"https:\/\/wbggiebel.ch\/index.php\/wp-json\/wp\/v2\/pages\/95","targetHints":{"allow":["GET"]}}],"collection":[{"href":"https:\/\/wbggiebel.ch\/index.php\/wp-json\/wp\/v2\/pages"}],"about":[{"href":"https:\/\/wbggiebel.ch\/index.php\/wp-json\/wp\/v2\/types\/page"}],"author":[{"embeddable":true,"href":"https:\/\/wbggiebel.ch\/index.php\/wp-json\/wp\/v2\/users\/1"}],"replies":[{"embeddable":true,"href":"https:\/\/wbggiebel.ch\/index.php\/wp-json\/wp\/v2\/comments?post=95"}],"version-history":[{"count":13,"href":"https:\/\/wbggiebel.ch\/index.php\/wp-json\/wp\/v2\/pages\/95\/revisions"}],"predecessor-version":[{"id":388,"href":"https:\/\/wbggiebel.ch\/index.php\/wp-json\/wp\/v2\/pages\/95\/revisions\/388"}],"wp:attachment":[{"href":"https:\/\/wbggiebel.ch\/index.php\/wp-json\/wp\/v2\/media?parent=95"}],"curies":[{"name":"wp","href":"https:\/\/api.w.org\/{rel}","templated":true}]}}